{"id":8,"date":"2022-07-22T10:20:35","date_gmt":"2022-07-22T08:20:35","guid":{"rendered":"https:\/\/www-2022.dottoratostudigiuspubblicistici.uniroma2.it\/?page_id=8"},"modified":"2022-07-29T16:54:25","modified_gmt":"2022-07-29T14:54:25","slug":"home","status":"publish","type":"page","link":"https:\/\/dottoratostudigiuspubblicistici.uniroma2.it\/","title":{"rendered":"Home"},"content":{"rendered":"\n<p>Il dottorato in \u201cStudi giuspubblicistici\u201d si articola in tre indirizzi \u2013 costituzionalistico, penalistico e amministrativistico \u2013 e coinvolge i settori scientifico-disciplinari del diritto pubblico e costituzionale, del diritto ecclesiastico, del diritto pubblico comparato, della storia del diritto, del diritto penale e processuale penale, del diritto amministrativo. Il suo obiettivo principale \u00e8 quello di formare futuri giuristi, segnatamente in ambito pubblicistico, permettendo loro di orientarsi nelle coordinate della societ\u00e0 contemporanea e di approfondire le pi\u00f9 urgenti questioni giuridiche della nostra epoca. L\u2019acquisizione di elevate competenze professionali e tecniche, in particolare sul fronte del contenzioso e del processo penale e amministrativo, oltre che nella consulenza alle istituzioni pubbliche e private e all\u2019alta amministrazione, rappresentano una delle principali finalit\u00e0 del corso di dottorato.<br>Il mutamento costituzionale indotto dai fenomeni che, sbrigativamente ma efficacemente, vanno sotto il nome di globalizzazione obbliga il giuspubblicista cos\u00ec come il penalista a ripensare e a risemantizzare, anche in una prospettiva storica e diacronica, le grandi tematiche della modernit\u00e0: Stato, mercato, pena, giustizia, amministrazione, solo per evocare i concetti pi\u00f9 polisemici. Questo mutato contesto istituzionale porta all\u2019attenzione del giurista anche i profili dei diritti fondamentali, che avranno una spiccata centralit\u00e0 nel corso di dottorato, in quanto protagonisti decisivi della scena contemporanea: la Fundamental Rights Adjudication rappresenta infatti una prestazione degli Stati e delle organizzazioni sovranazionali che implica la gestione di competenze storiche e culturali, oltre che pratiche, inerenti al diritto costituzionale e penale.<br>\u00c8 inoltre di tutta evidenza come l\u2019integrazione sovranazionale degli ordinamenti giuridici, fortemente imbricata con la globalizzazione dei mercati, comporti, anche a livello europeo, un\u2019incidenza nel campo dei diritti, dei principi generali del diritto penale e amministrativo e del processo. La comprensione di questi fenomeni necessita dunque di strumenti nuovi, che sappiano attingere a pi\u00f9 ambiti del sapere giuridici e che valorizzino la profondit\u00e0 storica.<br>La crisi delle categorie giuridiche dello Stato costituzionale e pi\u00f9 in generale del costituzionalismo moderno non deve spingere il giurista, in particolare le giovani generazioni di giuristi, a indietreggiare o a smettere i panni dell\u2019interprete per indossare, pigramente, quelli dello spettatore disincantato. La sconsolante decostruzione post-moderna, invero, deve lasciare lo spazio a un coraggioso ripensamento del lessico del diritto e a una sua rilettura critica. Fornire i dottorandi in \u201cStudi giuspubblicistici\u201d dell\u2019armamentario per orientarsi e per governare la complessit\u00e0 dell\u2019ordine giuridico contemporaneo \u00e8 l\u2019obiettivo principale che si prefigge il corso di dottorato.<\/p>\n\n\n\n<p>Il Dottorato abbraccia i seguenti Settori scientifico-disciplin<em>ari:<\/em><\/p>\n\n\n\n<p>IUS\/09 &#8211; ISTITUZIONI DI DIRITTO PUBBLICO<br>IUS\/08 &#8211; DIRITTO COSTITUZIONALE<br>IUS\/21 &#8211; DIRITTO PUBBLICO COMPARATO<br>IUS\/17 &#8211; DIRITTO PENALE<br>IUS\/16 &#8211; DIRITTO PROCESSUALE PENALE<br>IUS\/10 &#8211; DIRITTO AMMINISTRATIVO<br>IUS\/19 &#8211; STORIA DEL DIRITTO MEDIEVALE E MODERNO<br>IUS\/11 &#8211; DIRITTO CANONICO E DIRITTO ECCLESIASTICO<\/p>\n","protected":false},"excerpt":{"rendered":"<p>Il dottorato in \u201cStudi giuspubblicistici\u201d si articola in tre indirizzi \u2013 costituzionalistico, penalistico e amministrativistico \u2013 e coinvolge i settori scientifico-disciplinari del diritto pubblico e costituzionale, del diritto ecclesiastico, del diritto pubblico comparato, della storia del diritto, del diritto penale<\/p>\n","protected":false},"author":2,"featured_media":0,"parent":0,"menu_order":0,"comment_status":"closed","ping_status":"closed","template":"page-templates\/business.php","meta":{"footnotes":""},"class_list":["post-8","page","type-page","status-publish","hentry"],"_links":{"self":[{"href":"https:\/\/dottoratostudigiuspubblicistici.uniroma2.it\/index.php?rest_route=\/wp\/v2\/pages\/8"}],"collection":[{"href":"https:\/\/dottoratostudigiuspubblicistici.uniroma2.it\/index.php?rest_route=\/wp\/v2\/pages"}],"about":[{"href":"https:\/\/dottoratostudigiuspubblicistici.uniroma2.it\/index.php?rest_route=\/wp\/v2\/types\/page"}],"author":[{"embeddable":true,"href":"https:\/\/dottoratostudigiuspubblicistici.uniroma2.it\/index.php?rest_route=\/wp\/v2\/users\/2"}],"replies":[{"embeddable":true,"href":"https:\/\/dottoratostudigiuspubblicistici.uniroma2.it\/index.php?rest_route=%2Fwp%2Fv2%2Fcomments&post=8"}],"version-history":[{"count":3,"href":"https:\/\/dottoratostudigiuspubblicistici.uniroma2.it\/index.php?rest_route=\/wp\/v2\/pages\/8\/revisions"}],"predecessor-version":[{"id":25,"href":"https:\/\/dottoratostudigiuspubblicistici.uniroma2.it\/index.php?rest_route=\/wp\/v2\/pages\/8\/revisions\/25"}],"wp:attachment":[{"href":"https:\/\/dottoratostudigiuspubblicistici.uniroma2.it\/index.php?rest_route=%2Fwp%2Fv2%2Fmedia&parent=8"}],"curies":[{"name":"wp","href":"https:\/\/api.w.org\/{rel}","templated":true}]}}